{"id":294,"date":"2020-01-07T11:17:05","date_gmt":"2020-01-07T10:17:05","guid":{"rendered":"https:\/\/peterschwabe.de\/?page_id=294"},"modified":"2020-07-16T17:52:46","modified_gmt":"2020-07-16T15:52:46","slug":"printing-units","status":"publish","type":"page","link":"https:\/\/peterschwabe.de\/en\/products\/printing-units\/","title":{"rendered":"Printing Units"},"content":{"rendered":"\n<div class=\"wp-block-group alignfull intro\"><div class=\"wp-block-group__inner-container is-layout-flow wp-block-group-is-layout-flow\">\n<div class=\"wp-block-group\"><div class=\"wp-block-group__inner-container is-layout-flow wp-block-group-is-layout-flow\">\n<h1 class=\"intro_headline wp-block-heading\">Printing Units for Flexo Prints<br>to print paper, cloth, combination, fiber, polyfilm etc. by flexo-print method<\/h1>\n\n\n\n<figure class=\"wp-block-image size-large intro_image\"><img loading=\"lazy\" decoding=\"async\" width=\"1024\" height=\"1013\" src=\"https:\/\/peterschwabe.de\/wp-content\/uploads\/2020\/07\/doppeldruckwerk-1024x1013.png\" alt=\"\" class=\"wp-image-678\" srcset=\"https:\/\/peterschwabe.de\/wp-content\/uploads\/2020\/07\/doppeldruckwerk-1024x1013.png 1024w, https:\/\/peterschwabe.de\/wp-content\/uploads\/2020\/07\/doppeldruckwerk-300x297.png 300w, https:\/\/peterschwabe.de\/wp-content\/uploads\/2020\/07\/doppeldruckwerk-768x760.png 768w, https:\/\/peterschwabe.de\/wp-content\/uploads\/2020\/07\/doppeldruckwerk-500x495.png 500w, https:\/\/peterschwabe.de\/wp-content\/uploads\/2020\/07\/doppeldruckwerk-800x791.png 800w, https:\/\/peterschwabe.de\/wp-content\/uploads\/2020\/07\/doppeldruckwerk-1280x1266.png 1280w, https:\/\/peterschwabe.de\/wp-content\/uploads\/2020\/07\/doppeldruckwerk-1920x1899.png 1920w, https:\/\/peterschwabe.de\/wp-content\/uploads\/2020\/07\/doppeldruckwerk-1536x1520.png 1536w, https:\/\/peterschwabe.de\/wp-content\/uploads\/2020\/07\/doppeldruckwerk-1200x1187.png 1200w, https:\/\/peterschwabe.de\/wp-content\/uploads\/2020\/07\/doppeldruckwerk.png 1961w\" sizes=\"auto, (max-width: 1024px) 100vw, 1024px\" \/><\/figure>\n\n\n\n<div class=\"wp-block-group intro_textblock\"><div class=\"wp-block-group__inner-container is-layout-flow wp-block-group-is-layout-flow\">\n<h3 class=\"wp-block-heading\"><strong>PS-printers<\/strong>&nbsp;are exclusively designed for the use in the coated abrasives industry.<\/h3>\n\n\n\n<h4 class=\"wp-block-heading\">Please let us know the definition of your requirements. We are pleased to quote you the right solution.<\/h4>\n\n\n\n<p><strong>PS<\/strong>&nbsp;manufactures&nbsp;<strong>stationary<\/strong>&nbsp;single printing units,&nbsp;<strong>mobile<\/strong>&nbsp;printers and double printing units for a continuous non-stop production.<\/p>\n\n\n\n<p><strong>PS<\/strong>&nbsp;manufactures printing units with ink pans or chamber doctor blade systems, anilox rolls with special long life coatings, clich\u00e9 rolls made of steel or aluminum, magnetic clich\u00e9 rolls or sleeve systems for clich\u00e9s. Benefits: Simple operation, cleaning and easy maintenance.<\/p>\n<\/div><\/div>\n<\/div><\/div>\n<\/div><\/div>\n\n\n\n<div class=\"wp-block-group alignfull grey-bg\"><div class=\"wp-block-group__inner-container is-layout-flow wp-block-group-is-layout-flow\">\n<div class=\"wp-block-group product-intro\"><div class=\"wp-block-group__inner-container is-layout-flow wp-block-group-is-layout-flow\">\n<h2 class=\"wp-block-heading\">Our product range<\/h2>\n\n\n\n<p>We deliver single printing units, mobile printing units and double printing units for non-stop-production.<\/p>\n\n\n\n<div class=\"accordion\">\n  <div class=\"accordion-split\">\n    <input type=\"checkbox\" name=\"panel\" id=\"panel-1\">\n    <label for=\"panel-1\">\n      <div class=\"accordion-heading\"><h4>Technical data<\/h4><\/div>\n      <span><\/span><span><\/span>\n    <\/label>\n    <div class=\"accordion__content\">\n      <ul>\n        <li>for A to F-paper<\/li>\n        <li>for plasticfilm PET, PES, PU<\/li>\n        <li>for JF to YY-cloth<\/li>\n        <li>for fibre up to 0,84 mm thickness<\/li>\n        <li>up to 2100 mm working width<\/li>\n        <li>repeat length approx. 500-1000 mm<\/li>\n        <li>up to 120 m\/min. web speed<\/li>\n      <\/ul>\n    <\/div>\n  <\/div>\n<\/div>\n<\/div><\/div>\n\n\n\n<div class=\"wp-block-group alignwide product\"><div class=\"wp-block-group__inner-container is-layout-flow wp-block-group-is-layout-flow\">\n<div class=\"wp-block-media-text alignwide is-stacked-on-mobile\"><figure class=\"wp-block-media-text__media\"><img loading=\"lazy\" decoding=\"async\" width=\"1024\" height=\"999\" src=\"https:\/\/peterschwabe.de\/wp-content\/uploads\/2020\/07\/einfachdruckwerk-1024x999.png\" alt=\"\" class=\"wp-image-691\" srcset=\"https:\/\/peterschwabe.de\/wp-content\/uploads\/2020\/07\/einfachdruckwerk-1024x999.png 1024w, https:\/\/peterschwabe.de\/wp-content\/uploads\/2020\/07\/einfachdruckwerk-300x293.png 300w, https:\/\/peterschwabe.de\/wp-content\/uploads\/2020\/07\/einfachdruckwerk-768x750.png 768w, https:\/\/peterschwabe.de\/wp-content\/uploads\/2020\/07\/einfachdruckwerk-500x488.png 500w, https:\/\/peterschwabe.de\/wp-content\/uploads\/2020\/07\/einfachdruckwerk-800x781.png 800w, https:\/\/peterschwabe.de\/wp-content\/uploads\/2020\/07\/einfachdruckwerk-1280x1249.png 1280w, https:\/\/peterschwabe.de\/wp-content\/uploads\/2020\/07\/einfachdruckwerk-1920x1874.png 1920w, https:\/\/peterschwabe.de\/wp-content\/uploads\/2020\/07\/einfachdruckwerk-1536x1499.png 1536w, https:\/\/peterschwabe.de\/wp-content\/uploads\/2020\/07\/einfachdruckwerk-1200x1171.png 1200w, https:\/\/peterschwabe.de\/wp-content\/uploads\/2020\/07\/einfachdruckwerk.png 1954w\" sizes=\"auto, (max-width: 1024px) 100vw, 1024px\" \/><\/figure><div class=\"wp-block-media-text__content\">\n<h4 class=\"wp-block-heading\">Single Printing Unit<\/h4>\n<\/div><\/div>\n\n\n\n<div class=\"accordion\">\n  <div class=\"accordion-split\">\n    <input type=\"checkbox\" name=\"panel\" id=\"panel-2\">\n    <label for=\"panel-2\">\n      <div class=\"accordion-heading\"><h4>Technical data<\/h4><\/div>\n      <span><\/span><span><\/span>\n    <\/label>\n    <div class=\"accordion__content\">\n      <div>\n        <h4>Standard<\/h4>\n        <ul>\n          <li>with chamber doctor blade system<\/li>\n          <li>with anilox roll with special coat<\/li>\n          <li>with sleeve system for clich\u00e9s<\/li>\n          <li>with quick adjustment of rolls<\/li>\n          <li>with digital gap indications<\/li>\n          <li>with pneumatic on and off adjustments of rolls<\/li>\n        <\/ul>\n      <\/div>\n      <div>\n        <h4>Additional features<\/h4>\n        <ul>\n          <li>with ink pan<\/li>\n          <li>with clich\u00e9 rolls made of steel<\/li>\n          <li>with clich\u00e9 rolls made of aluminum<\/li>\n          <li>with magnetic clich\u00e9 rolls<\/li>\n        <\/ul>\n      <\/div>\n    <\/div>\n  <\/div>\n<\/div>\n<\/div><\/div>\n\n\n\n<div class=\"wp-block-group alignwide product\"><div class=\"wp-block-group__inner-container is-layout-flow wp-block-group-is-layout-flow\">\n<div class=\"wp-block-media-text alignwide has-media-on-the-right is-stacked-on-mobile\"><figure class=\"wp-block-media-text__media\"><img loading=\"lazy\" decoding=\"async\" width=\"1024\" height=\"1013\" src=\"https:\/\/peterschwabe.de\/wp-content\/uploads\/2020\/07\/doppeldruckwerk-1024x1013.png\" alt=\"\" class=\"wp-image-678\" srcset=\"https:\/\/peterschwabe.de\/wp-content\/uploads\/2020\/07\/doppeldruckwerk-1024x1013.png 1024w, https:\/\/peterschwabe.de\/wp-content\/uploads\/2020\/07\/doppeldruckwerk-300x297.png 300w, https:\/\/peterschwabe.de\/wp-content\/uploads\/2020\/07\/doppeldruckwerk-768x760.png 768w, https:\/\/peterschwabe.de\/wp-content\/uploads\/2020\/07\/doppeldruckwerk-500x495.png 500w, https:\/\/peterschwabe.de\/wp-content\/uploads\/2020\/07\/doppeldruckwerk-800x791.png 800w, https:\/\/peterschwabe.de\/wp-content\/uploads\/2020\/07\/doppeldruckwerk-1280x1266.png 1280w, https:\/\/peterschwabe.de\/wp-content\/uploads\/2020\/07\/doppeldruckwerk-1920x1899.png 1920w, https:\/\/peterschwabe.de\/wp-content\/uploads\/2020\/07\/doppeldruckwerk-1536x1520.png 1536w, https:\/\/peterschwabe.de\/wp-content\/uploads\/2020\/07\/doppeldruckwerk-1200x1187.png 1200w, https:\/\/peterschwabe.de\/wp-content\/uploads\/2020\/07\/doppeldruckwerk.png 1961w\" sizes=\"auto, (max-width: 1024px) 100vw, 1024px\" \/><\/figure><div class=\"wp-block-media-text__content\">\n<h4 class=\"wp-block-heading\">Double Printing Unit<\/h4>\n\n\n\n<p>for non stop production<\/p>\n<\/div><\/div>\n\n\n\n<div class=\"accordion\">\n  <div class=\"accordion-split\">\n    <input type=\"checkbox\" name=\"panel\" id=\"panel-3\">\n    <label for=\"panel-3\">\n      <div class=\"accordion-heading\"><h4>Technical data<\/h4><\/div>\n      <span><\/span><span><\/span>\n    <\/label>\n    <div class=\"accordion__content\">\n      <div>\n        <h4>Standard<\/h4>\n        <ul>\n          <li>with chamber doctor blade system<\/li>\n          <li>with anilox roll with special coat<\/li>\n          <li>with sleeve system for clich\u00e9s<\/li>\n          <li>with quick adjustment of rolls<\/li>\n          <li>with digital gap indications<\/li>\n          <li>with pneumatic on and off adjustments of rolls<\/li>\n        <\/ul>\n      <\/div>\n      <div>\n        <h4>Additional features<\/h4>\n        <ul>\n          <li>with ink pan<\/li>\n          <li>with clich\u00e9 rolls made of steel<\/li>\n          <li>with clich\u00e9 rolls made of aluminum<\/li>\n          <li>with magnetic clich\u00e9 rolls<\/li>\n        <\/ul>\n      <\/div>\n    <\/div>\n  <\/div>\n<\/div>\n<\/div><\/div>\n<\/div><\/div>\n","protected":false},"excerpt":{"rendered":"<p>Printing Units for Flexo Printsto print paper, cloth, combination, fiber, polyfilm etc. by flexo-print method PS-printers&nbsp;are exclusively designed for the use in the coated abrasives industry. Please let us know the definition of your requirements. We are pleased to quote you the right solution. PS&nbsp;manufactures&nbsp;stationary&nbsp;single printing units,&nbsp;mobile&nbsp;printers and double printing units for a continuous non-stop [&hellip;]<\/p>\n","protected":false},"author":1,"featured_media":678,"parent":388,"menu_order":15,"comment_status":"closed","ping_status":"closed","template":"","meta":{"inline_featured_image":false,"_vp_format_video_url":"","_vp_image_focal_point":[],"footnotes":""},"class_list":["post-294","page","type-page","status-publish","has-post-thumbnail","hentry"],"_links":{"self":[{"href":"https:\/\/peterschwabe.de\/en\/wp-json\/wp\/v2\/pages\/294","targetHints":{"allow":["GET"]}}],"collection":[{"href":"https:\/\/peterschwabe.de\/en\/wp-json\/wp\/v2\/pages"}],"about":[{"href":"https:\/\/peterschwabe.de\/en\/wp-json\/wp\/v2\/types\/page"}],"author":[{"embeddable":true,"href":"https:\/\/peterschwabe.de\/en\/wp-json\/wp\/v2\/users\/1"}],"replies":[{"embeddable":true,"href":"https:\/\/peterschwabe.de\/en\/wp-json\/wp\/v2\/comments?post=294"}],"version-history":[{"count":9,"href":"https:\/\/peterschwabe.de\/en\/wp-json\/wp\/v2\/pages\/294\/revisions"}],"predecessor-version":[{"id":693,"href":"https:\/\/peterschwabe.de\/en\/wp-json\/wp\/v2\/pages\/294\/revisions\/693"}],"up":[{"embeddable":true,"href":"https:\/\/peterschwabe.de\/en\/wp-json\/wp\/v2\/pages\/388"}],"wp:featuredmedia":[{"embeddable":true,"href":"https:\/\/peterschwabe.de\/en\/wp-json\/wp\/v2\/media\/678"}],"wp:attachment":[{"href":"https:\/\/peterschwabe.de\/en\/wp-json\/wp\/v2\/media?parent=294"}],"curies":[{"name":"wp","href":"https:\/\/api.w.org\/{rel}","templated":true}]}}