{"id":280,"date":"2020-01-07T10:07:24","date_gmt":"2020-01-07T09:07:24","guid":{"rendered":"https:\/\/peterschwabe.de\/?page_id=280"},"modified":"2026-01-29T08:42:00","modified_gmt":"2026-01-29T07:42:00","slug":"imprint","status":"publish","type":"page","link":"https:\/\/peterschwabe.de\/en\/imprint\/","title":{"rendered":"Corporate Information"},"content":{"rendered":"\n<div class=\"wp-block-group alignfull\"><div class=\"wp-block-group__inner-container is-layout-flow wp-block-group-is-layout-flow\">\n<p><strong>Peter Schwabe GmbH<\/strong><br>Eurotec-Ring 47<br>47445 Moers<\/p>\n\n\n\n<p>Tel: + 49 2841 88489 0<br>Fax: + 49 2841 88489 10<\/p>\n\n\n\n<p><strong>Management<\/strong><br>Oleg Michelson<\/p>\n\n\n\n<p><strong>Court of Jurisdiction<\/strong><br>Kleve HRB 5002<\/p>\n\n\n\n<p><strong>VAT identification number<\/strong><br>DE 813050618<\/p>\n\n\n\n<p>DISCLAIMER<\/p>\n\n\n\n<p>1.&nbsp; Haftung<\/p>\n\n\n\n<p>Die Inhalte dieser Website wurden mit gr\u00f6\u00dftm\u00f6glicher Sorgfalt erstellt. Die PETER SCHWABE GmbH \u00fcbernimmt jedoch keine Gew\u00e4hr oder Haftung f\u00fcr die Richtigkeit, Vollst\u00e4ndigkeit und\/oder Aktualit\u00e4t der bereitgestellten Inhalte. Mit der Nutzung dieser Website kommt keinerlei Vertragsverh\u00e4ltnis zwischen dem Nutzer und der PETER SCHWABE GmbH zustande.<\/p>\n\n\n\n<p>2.&nbsp; Externe Links<\/p>\n\n\n\n<p>Diese Website enth\u00e4lt Verkn\u00fcpfungen zu Websites Dritter (\u201eexterne Links\u201c). Diese Websites unterliegen der Haftung der jeweiligen Betreiber. Da die PETER SCHWABE GmbH keinerlei Einfluss auf die aktuelle und zuk\u00fcnftige Gestaltung und auf die Inhalte der verkn\u00fcpften Seiten hat, wird eine Haftung f\u00fcr den Inhalt derartiger Seiten ausdr\u00fccklich ausgeschlossen.<\/p>\n\n\n\n<p>3.&nbsp; Urheberrechte<\/p>\n\n\n\n<p>Copyright 2013 PETER SCHWABE GmbH. Alle Rechte vorbehalten. Die auf dieser Website ver\u00f6ffentlichten Inhalte einschlie\u00dflich Bilder und die Gestaltung unterliegen dem Schutz des Urheberrechts und anderer Gesetze zum Schutz geistigen Eigentums. Jede vom Urheberrecht bzw. durch andere Gesetze nicht zugelassene Verwertung bedarf unserer vorherigen schriftlichen Zustimmung. Dies gilt insbesondere f\u00fcr die kommerzielle Vervielf\u00e4ltigung, \u00dcbersetzung, Einspeicherung, Verarbeitung bzw. Wiedergabe von Inhalten in Datenbanken oder anderen elektronischen Medien und Systemen. Die Verbreitung oder Ver\u00e4nderung dieser Seiten einschlie\u00dflich des so genannten Framings und \u00e4hnlicher Ma\u00dfnahmen ist nicht gestattet.<\/p>\n\n\n\n<p>4.&nbsp; Leistungsspektrum<\/p>\n\n\n\n<p>Die hier gezeigten und beschriebenen Anlagen und Anlagenkomponenten dienen der Veranschaulichung unseres Leistungsspektrums. Eine Aussage f\u00fcr die jeweilige Zweckgeeignetheit bei individuell unterschiedlichen Anforderungsprofilen in der Praxis ist damit nicht verbunden. Vor Bestellung einer Anlage oder Anlagenkomponente werden wir die kundenspezifischen Gegebenheiten und Anforderungen im Regelfall gemeinsam mit dem Kunden eruieren und evaluieren, so dass bei Vertragsschluss eine f\u00fcr jeden Kunden in ihren Details individuelle Anlage oder Anlagenkomponente Vertragsgegenstand wird.<\/p>\n<\/div><\/div>\n","protected":false},"excerpt":{"rendered":"<p>Peter Schwabe GmbHEurotec-Ring 4747445 Moers Tel: + 49 2841 88489 0Fax: + 49 2841 88489 10 ManagementOleg Michelson Court of JurisdictionKleve HRB 5002 VAT identification numberDE 813050618 DISCLAIMER 1.&nbsp; Haftung Die Inhalte dieser Website wurden mit gr\u00f6\u00dftm\u00f6glicher Sorgfalt erstellt. Die PETER SCHWABE GmbH \u00fcbernimmt jedoch keine Gew\u00e4hr oder Haftung f\u00fcr die Richtigkeit, Vollst\u00e4ndigkeit und\/oder Aktualit\u00e4t [&hellip;]<\/p>\n","protected":false},"author":1,"featured_media":0,"parent":0,"menu_order":5,"comment_status":"closed","ping_status":"closed","template":"","meta":{"inline_featured_image":false,"_vp_format_video_url":"","_vp_image_focal_point":[],"footnotes":""},"class_list":["post-280","page","type-page","status-publish","hentry"],"_links":{"self":[{"href":"https:\/\/peterschwabe.de\/en\/wp-json\/wp\/v2\/pages\/280","targetHints":{"allow":["GET"]}}],"collection":[{"href":"https:\/\/peterschwabe.de\/en\/wp-json\/wp\/v2\/pages"}],"about":[{"href":"https:\/\/peterschwabe.de\/en\/wp-json\/wp\/v2\/types\/page"}],"author":[{"embeddable":true,"href":"https:\/\/peterschwabe.de\/en\/wp-json\/wp\/v2\/users\/1"}],"replies":[{"embeddable":true,"href":"https:\/\/peterschwabe.de\/en\/wp-json\/wp\/v2\/comments?post=280"}],"version-history":[{"count":10,"href":"https:\/\/peterschwabe.de\/en\/wp-json\/wp\/v2\/pages\/280\/revisions"}],"predecessor-version":[{"id":1359,"href":"https:\/\/peterschwabe.de\/en\/wp-json\/wp\/v2\/pages\/280\/revisions\/1359"}],"wp:attachment":[{"href":"https:\/\/peterschwabe.de\/en\/wp-json\/wp\/v2\/media?parent=280"}],"curies":[{"name":"wp","href":"https:\/\/api.w.org\/{rel}","templated":true}]}}